{"id":18426,"date":"2025-05-13T05:11:15","date_gmt":"2025-05-13T09:11:15","guid":{"rendered":"https:\/\/cascadiascientific.com\/noticias\/"},"modified":"2025-06-03T13:32:42","modified_gmt":"2025-06-03T17:32:42","slug":"noticias","status":"publish","type":"page","link":"https:\/\/cascadiascientific.com\/es\/noticias\/","title":{"rendered":"Noticias"},"content":{"rendered":"\t\t<div data-elementor-type=\"wp-page\" data-elementor-id=\"18426\" class=\"elementor elementor-18426 elementor-15883\" data-elementor-post-type=\"page\">\n\t\t\t\t<div class=\"elementor-element elementor-element-2e98f9be e-flex e-con-boxed e-con e-parent\" data-id=\"2e98f9be\" data-element_type=\"container\" data-e-type=\"container\" data-settings=\"{&quot;background_background&quot;:&quot;classic&quot;}\">\n\t\t\t\t\t<div class=\"e-con-inner\">\n\t\t<div class=\"elementor-element elementor-element-1b7dae72 e-con-full e-flex elementor-invisible e-con e-child\" data-id=\"1b7dae72\" data-element_type=\"container\" data-e-type=\"container\" data-settings=\"{&quot;animation&quot;:&quot;fadeInUp&quot;}\">\n\t\t\t\t<div class=\"elementor-element elementor-element-6b596f18 elementor-icon-list--layout-inline elementor-list-item-link-full_width elementor-widget elementor-widget-icon-list\" data-id=\"6b596f18\" data-element_type=\"widget\" data-e-type=\"widget\" data-widget_type=\"icon-list.default\">\n\t\t\t\t<div class=\"elementor-widget-container\">\n\t\t\t\t\t\t\t<ul class=\"elementor-icon-list-items elementor-inline-items\">\n\t\t\t\t\t\t\t<li class=\"elementor-icon-list-item elementor-inline-item\">\n\t\t\t\t\t\t\t\t\t\t\t<a href=\"https:\/\/cascadiascientific.com\/es\/sala-de-prensa\/\">\n\n\t\t\t\t\t\t\t\t\t\t\t<span class=\"elementor-icon-list-text\">Sala de prensa<\/span>\n\t\t\t\t\t\t\t\t\t\t\t<\/a>\n\t\t\t\t\t\t\t\t\t<\/li>\n\t\t\t\t\t\t\t\t<li class=\"elementor-icon-list-item elementor-inline-item\">\n\t\t\t\t\t\t\t\t\t\t\t<span class=\"elementor-icon-list-icon\">\n\t\t\t\t\t\t\t<svg aria-hidden=\"true\" class=\"e-font-icon-svg e-fas-angle-right\" viewBox=\"0 0 256 512\" xmlns=\"http:\/\/www.w3.org\/2000\/svg\"><path d=\"M224.3 273l-136 136c-9.4 9.4-24.6 9.4-33.9 0l-22.6-22.6c-9.4-9.4-9.4-24.6 0-33.9l96.4-96.4-96.4-96.4c-9.4-9.4-9.4-24.6 0-33.9L54.3 103c9.4-9.4 24.6-9.4 33.9 0l136 136c9.5 9.4 9.5 24.6.1 34z\"><\/path><\/svg>\t\t\t\t\t\t<\/span>\n\t\t\t\t\t\t\t\t\t\t<span class=\"elementor-icon-list-text\"><\/span>\n\t\t\t\t\t\t\t\t\t<\/li>\n\t\t\t\t\t\t<\/ul>\n\t\t\t\t\t\t<\/div>\n\t\t\t\t<\/div>\n\t\t\t\t<\/div>\n\t\t\t\t\t<\/div>\n\t\t\t\t<\/div>\n\t\t<div class=\"elementor-element elementor-element-7e0e3cca e-flex e-con-boxed e-con e-parent\" data-id=\"7e0e3cca\" data-element_type=\"container\" data-e-type=\"container\">\n\t\t\t\t\t<div class=\"e-con-inner\">\n\t\t<div class=\"elementor-element elementor-element-2b8f01a2 e-con-full e-flex e-con e-child\" data-id=\"2b8f01a2\" data-element_type=\"container\" data-e-type=\"container\">\n\t\t<div class=\"elementor-element elementor-element-1c51fdcd e-con-full e-flex elementor-invisible e-con e-child\" data-id=\"1c51fdcd\" data-element_type=\"container\" data-e-type=\"container\" data-settings=\"{&quot;animation&quot;:&quot;fadeInUp&quot;}\">\n\t\t<div class=\"elementor-element elementor-element-70359f9b e-con-full e-flex e-con e-child\" data-id=\"70359f9b\" data-element_type=\"container\" data-e-type=\"container\">\n\t\t\t\t<div class=\"elementor-element elementor-element-7776d4ce elementor-widget elementor-widget-heading\" data-id=\"7776d4ce\" data-element_type=\"widget\" data-e-type=\"widget\" data-widget_type=\"heading.default\">\n\t\t\t\t<div class=\"elementor-widget-container\">\n\t\t\t\t\t<h2 class=\"elementor-heading-title elementor-size-default\">Nuestras noticias<\/h2>\t\t\t\t<\/div>\n\t\t\t\t<\/div>\n\t\t\t\t<\/div>\n\t\t\t\t<\/div>\n\t\t\t\t<div class=\"elementor-element elementor-element-12d6a257 elementor-grid-2 elementor-grid-tablet-2 elementor-grid-mobile-1 elementor-posts--thumbnail-top elementor-invisible elementor-widget elementor-widget-posts\" data-id=\"12d6a257\" data-element_type=\"widget\" data-e-type=\"widget\" data-settings=\"{&quot;classic_row_gap&quot;:{&quot;unit&quot;:&quot;px&quot;,&quot;size&quot;:&quot;30&quot;,&quot;sizes&quot;:[]},&quot;classic_row_gap_mobile&quot;:{&quot;unit&quot;:&quot;px&quot;,&quot;size&quot;:&quot;15&quot;,&quot;sizes&quot;:[]},&quot;classic_columns&quot;:&quot;2&quot;,&quot;_animation&quot;:&quot;fadeInUp&quot;,&quot;pagination_type&quot;:&quot;numbers_and_prev_next&quot;,&quot;classic_columns_tablet&quot;:&quot;2&quot;,&quot;classic_columns_mobile&quot;:&quot;1&quot;,&quot;classic_row_gap_tablet&quot;:{&quot;unit&quot;:&quot;px&quot;,&quot;size&quot;:&quot;&quot;,&quot;sizes&quot;:[]}}\" data-widget_type=\"posts.classic\">\n\t\t\t\t<div class=\"elementor-widget-container\">\n\t\t\t\t\t\t\t<div class=\"elementor-posts-container elementor-posts elementor-posts--skin-classic elementor-grid\" role=\"list\">\n\t\t\t\t<article class=\"elementor-post elementor-grid-item post-20984 post type-post status-publish format-standard has-post-thumbnail hentry category-articulos\" role=\"listitem\">\n\t\t\t\t<a class=\"elementor-post__thumbnail__link\" href=\"https:\/\/cascadiascientific.com\/es\/immersive-technologies-y-cascadia-scientific-formacion-de-operadores-de-camiones-de-transporte-de-precision\/\" tabindex=\"-1\" >\n\t\t\t<div class=\"elementor-post__thumbnail\"><img fetchpriority=\"high\" decoding=\"async\" width=\"800\" height=\"450\" src=\"https:\/\/cascadiascientific.com\/wp-content\/uploads\/2025\/04\/New-Website-Images-2025-26-1024x576.png\" class=\"attachment-large size-large wp-image-20929\" alt=\"\" srcset=\"https:\/\/cascadiascientific.com\/wp-content\/uploads\/2025\/04\/New-Website-Images-2025-26-1024x576.png 1024w, https:\/\/cascadiascientific.com\/wp-content\/uploads\/2025\/04\/New-Website-Images-2025-26-300x169.png 300w, https:\/\/cascadiascientific.com\/wp-content\/uploads\/2025\/04\/New-Website-Images-2025-26-768x432.png 768w, https:\/\/cascadiascientific.com\/wp-content\/uploads\/2025\/04\/New-Website-Images-2025-26-1536x864.png 1536w, https:\/\/cascadiascientific.com\/wp-content\/uploads\/2025\/04\/New-Website-Images-2025-26-700x394.png 700w, https:\/\/cascadiascientific.com\/wp-content\/uploads\/2025\/04\/New-Website-Images-2025-26-500x281.png 500w, https:\/\/cascadiascientific.com\/wp-content\/uploads\/2025\/04\/New-Website-Images-2025-26.png 1920w\" sizes=\"(max-width: 800px) 100vw, 800px\" \/><\/div>\n\t\t<\/a>\n\t\t\t\t<div class=\"elementor-post__text\">\n\t\t\t\t<h3 class=\"elementor-post__title\">\n\t\t\t<a href=\"https:\/\/cascadiascientific.com\/es\/immersive-technologies-y-cascadia-scientific-formacion-de-operadores-de-camiones-de-transporte-de-precision\/\" >\n\t\t\t\tImmersive Technologies y Cascadia Scientific &#8211; Formaci\u00f3n de operadores de camiones de transporte de precisi\u00f3n\t\t\t<\/a>\n\t\t<\/h3>\n\t\t\t\t<div class=\"elementor-post__meta-data\">\n\t\t\t\t\t<span class=\"elementor-post-date\">\n\t\t\t16 septiembre 2025\t\t<\/span>\n\t\t\t\t<span class=\"elementor-post-avatar\">\n\t\t\tNo hay comentarios\t\t<\/span>\n\t\t\t\t<\/div>\n\t\t\t\t<div class=\"elementor-post__excerpt\">\n\t\t\t<p>Combinaci\u00f3n de aprendizaje autom\u00e1tico y Entrenamiento en simulador dirigido Descargar el ar\u00edtculo completo Descarga En una mina l\u00edder a cielo<\/p>\n\t\t<\/div>\n\t\t\n\t\t<a class=\"elementor-post__read-more\" href=\"https:\/\/cascadiascientific.com\/es\/immersive-technologies-y-cascadia-scientific-formacion-de-operadores-de-camiones-de-transporte-de-precision\/\" aria-label=\"Read more about Immersive Technologies y Cascadia Scientific &#8211; Formaci\u00f3n de operadores de camiones de transporte de precisi\u00f3n\" tabindex=\"-1\" >\n\t\t\tSigue leyendo \"\t\t<\/a>\n\n\t\t\t\t<\/div>\n\t\t\t\t<\/article>\n\t\t\t\t<article class=\"elementor-post elementor-grid-item post-19285 post type-post status-publish format-standard has-post-thumbnail hentry category-articulos\" role=\"listitem\">\n\t\t\t\t<a class=\"elementor-post__thumbnail__link\" href=\"https:\/\/cascadiascientific.com\/es\/el-campo-de-pruebas-de-komatsu-en-arizona-impulsando-el-futuro-de-la-mineria-con-cascadia-scientific\/\" tabindex=\"-1\" >\n\t\t\t<div class=\"elementor-post__thumbnail\"><img decoding=\"async\" width=\"800\" height=\"450\" src=\"https:\/\/cascadiascientific.com\/wp-content\/uploads\/2025\/07\/Cascadia-Scientific-and-Komatsu-Arizona-Proving-Grounds-1024x576.jpg\" class=\"attachment-large size-large wp-image-19256\" alt=\"Cascadia Scientific and Komatsu Arizona Proving Grounds\" srcset=\"https:\/\/cascadiascientific.com\/wp-content\/uploads\/2025\/07\/Cascadia-Scientific-and-Komatsu-Arizona-Proving-Grounds-1024x576.jpg 1024w, https:\/\/cascadiascientific.com\/wp-content\/uploads\/2025\/07\/Cascadia-Scientific-and-Komatsu-Arizona-Proving-Grounds-300x169.jpg 300w, https:\/\/cascadiascientific.com\/wp-content\/uploads\/2025\/07\/Cascadia-Scientific-and-Komatsu-Arizona-Proving-Grounds-768x432.jpg 768w, https:\/\/cascadiascientific.com\/wp-content\/uploads\/2025\/07\/Cascadia-Scientific-and-Komatsu-Arizona-Proving-Grounds-1536x864.jpg 1536w, https:\/\/cascadiascientific.com\/wp-content\/uploads\/2025\/07\/Cascadia-Scientific-and-Komatsu-Arizona-Proving-Grounds-700x394.jpg 700w, https:\/\/cascadiascientific.com\/wp-content\/uploads\/2025\/07\/Cascadia-Scientific-and-Komatsu-Arizona-Proving-Grounds-500x281.jpg 500w, https:\/\/cascadiascientific.com\/wp-content\/uploads\/2025\/07\/Cascadia-Scientific-and-Komatsu-Arizona-Proving-Grounds.jpg 1920w\" sizes=\"(max-width: 800px) 100vw, 800px\" \/><\/div>\n\t\t<\/a>\n\t\t\t\t<div class=\"elementor-post__text\">\n\t\t\t\t<h3 class=\"elementor-post__title\">\n\t\t\t<a href=\"https:\/\/cascadiascientific.com\/es\/el-campo-de-pruebas-de-komatsu-en-arizona-impulsando-el-futuro-de-la-mineria-con-cascadia-scientific\/\" >\n\t\t\t\tLos campos de pruebas de Komatsu en Arizona est\u00e1n impulsando el futuro de la miner\u00eda con Cascadia Scientific\t\t\t<\/a>\n\t\t<\/h3>\n\t\t\t\t<div class=\"elementor-post__meta-data\">\n\t\t\t\t\t<span class=\"elementor-post-date\">\n\t\t\t17 julio 2025\t\t<\/span>\n\t\t\t\t<span class=\"elementor-post-avatar\">\n\t\t\tNo hay comentarios\t\t<\/span>\n\t\t\t\t<\/div>\n\t\t\t\t<div class=\"elementor-post__excerpt\">\n\t\t\t<p>Cascadia Scientific valida la innovaci\u00f3n en el \u00e1mbitode pruebas de Komatsu en Arizona. AZPG trasciende la noci\u00f3n de una mera<\/p>\n\t\t<\/div>\n\t\t\n\t\t<a class=\"elementor-post__read-more\" href=\"https:\/\/cascadiascientific.com\/es\/el-campo-de-pruebas-de-komatsu-en-arizona-impulsando-el-futuro-de-la-mineria-con-cascadia-scientific\/\" aria-label=\"Read more about Los campos de pruebas de Komatsu en Arizona est\u00e1n impulsando el futuro de la miner\u00eda con Cascadia Scientific\" tabindex=\"-1\" >\n\t\t\tSigue leyendo \"\t\t<\/a>\n\n\t\t\t\t<\/div>\n\t\t\t\t<\/article>\n\t\t\t\t<article class=\"elementor-post elementor-grid-item post-18623 post type-post status-publish format-standard has-post-thumbnail hentry category-noticias-es\" role=\"listitem\">\n\t\t\t\t<a class=\"elementor-post__thumbnail__link\" href=\"https:\/\/cascadiascientific.com\/es\/cascadia-scientific-se-une-al-ecosistema-modular\/\" tabindex=\"-1\" >\n\t\t\t<div class=\"elementor-post__thumbnail\"><img decoding=\"async\" width=\"800\" height=\"450\" src=\"https:\/\/cascadiascientific.com\/wp-content\/uploads\/2024\/11\/Linkedin-2-boost-1024x576.png\" class=\"attachment-large size-large wp-image-13943\" alt=\"\" srcset=\"https:\/\/cascadiascientific.com\/wp-content\/uploads\/2024\/11\/Linkedin-2-boost-1024x576.png 1024w, https:\/\/cascadiascientific.com\/wp-content\/uploads\/2024\/11\/Linkedin-2-boost-300x169.png 300w, https:\/\/cascadiascientific.com\/wp-content\/uploads\/2024\/11\/Linkedin-2-boost-768x432.png 768w, https:\/\/cascadiascientific.com\/wp-content\/uploads\/2024\/11\/Linkedin-2-boost-1536x864.png 1536w, https:\/\/cascadiascientific.com\/wp-content\/uploads\/2024\/11\/Linkedin-2-boost.png 2000w\" sizes=\"(max-width: 800px) 100vw, 800px\" \/><\/div>\n\t\t<\/a>\n\t\t\t\t<div class=\"elementor-post__text\">\n\t\t\t\t<h3 class=\"elementor-post__title\">\n\t\t\t<a href=\"https:\/\/cascadiascientific.com\/es\/cascadia-scientific-se-une-al-ecosistema-modular\/\" >\n\t\t\t\tCascadia Scientific se une al Ecosistema Modular\t\t\t<\/a>\n\t\t<\/h3>\n\t\t\t\t<div class=\"elementor-post__meta-data\">\n\t\t\t\t\t<span class=\"elementor-post-date\">\n\t\t\t26 noviembre 2024\t\t<\/span>\n\t\t\t\t<span class=\"elementor-post-avatar\">\n\t\t\tNo hay comentarios\t\t<\/span>\n\t\t\t\t<\/div>\n\t\t\t\t<div class=\"elementor-post__excerpt\">\n\t\t\t<p>Cascadia Scientific se une al Ecosistema Modular Vancouver, Canad\u00e1 &#8211; Noviembre de 2024. Cascadia Scientific se complace en anunciar un<\/p>\n\t\t<\/div>\n\t\t\n\t\t<a class=\"elementor-post__read-more\" href=\"https:\/\/cascadiascientific.com\/es\/cascadia-scientific-se-une-al-ecosistema-modular\/\" aria-label=\"Read more about Cascadia Scientific se une al Ecosistema Modular\" tabindex=\"-1\" >\n\t\t\tSigue leyendo \"\t\t<\/a>\n\n\t\t\t\t<\/div>\n\t\t\t\t<\/article>\n\t\t\t\t<article class=\"elementor-post elementor-grid-item post-18616 post type-post status-publish format-standard has-post-thumbnail hentry category-noticias-es\" role=\"listitem\">\n\t\t\t\t<a class=\"elementor-post__thumbnail__link\" href=\"https:\/\/cascadiascientific.com\/es\/mantener-la-eficiencia-modelizada-del-camion\/\" tabindex=\"-1\" >\n\t\t\t<div class=\"elementor-post__thumbnail\"><img loading=\"lazy\" decoding=\"async\" width=\"800\" height=\"450\" src=\"https:\/\/cascadiascientific.com\/wp-content\/uploads\/2023\/12\/Copy-of-Impacts-of-Seasonaility-on-Load-Haul-Mining-Presentation-2-1024x576.png\" class=\"attachment-large size-large wp-image-13937\" alt=\"\" srcset=\"https:\/\/cascadiascientific.com\/wp-content\/uploads\/2023\/12\/Copy-of-Impacts-of-Seasonaility-on-Load-Haul-Mining-Presentation-2-1024x576.png 1024w, https:\/\/cascadiascientific.com\/wp-content\/uploads\/2023\/12\/Copy-of-Impacts-of-Seasonaility-on-Load-Haul-Mining-Presentation-2-300x169.png 300w, https:\/\/cascadiascientific.com\/wp-content\/uploads\/2023\/12\/Copy-of-Impacts-of-Seasonaility-on-Load-Haul-Mining-Presentation-2-768x432.png 768w, https:\/\/cascadiascientific.com\/wp-content\/uploads\/2023\/12\/Copy-of-Impacts-of-Seasonaility-on-Load-Haul-Mining-Presentation-2-1536x864.png 1536w, https:\/\/cascadiascientific.com\/wp-content\/uploads\/2023\/12\/Copy-of-Impacts-of-Seasonaility-on-Load-Haul-Mining-Presentation-2.png 1920w\" sizes=\"(max-width: 800px) 100vw, 800px\" \/><\/div>\n\t\t<\/a>\n\t\t\t\t<div class=\"elementor-post__text\">\n\t\t\t\t<h3 class=\"elementor-post__title\">\n\t\t\t<a href=\"https:\/\/cascadiascientific.com\/es\/mantener-la-eficiencia-modelizada-del-camion\/\" >\n\t\t\t\tMantener la eficiencia modelizada del cami\u00f3n\t\t\t<\/a>\n\t\t<\/h3>\n\t\t\t\t<div class=\"elementor-post__meta-data\">\n\t\t\t\t\t<span class=\"elementor-post-date\">\n\t\t\t8 diciembre 2023\t\t<\/span>\n\t\t\t\t<span class=\"elementor-post-avatar\">\n\t\t\tNo hay comentarios\t\t<\/span>\n\t\t\t\t<\/div>\n\t\t\t\t<div class=\"elementor-post__excerpt\">\n\t\t\t\t\t<\/div>\n\t\t\n\t\t<a class=\"elementor-post__read-more\" href=\"https:\/\/cascadiascientific.com\/es\/mantener-la-eficiencia-modelizada-del-camion\/\" aria-label=\"Read more about Mantener la eficiencia modelizada del cami\u00f3n\" tabindex=\"-1\" >\n\t\t\tSigue leyendo \"\t\t<\/a>\n\n\t\t\t\t<\/div>\n\t\t\t\t<\/article>\n\t\t\t\t<article class=\"elementor-post elementor-grid-item post-18624 post type-post status-publish format-standard has-post-thumbnail hentry category-noticias-es\" role=\"listitem\">\n\t\t\t\t<a class=\"elementor-post__thumbnail__link\" href=\"https:\/\/cascadiascientific.com\/es\/new-gold-consigue-un-15-de-ahorro-de-combustible-con-cascadia-scientific\/\" tabindex=\"-1\" >\n\t\t\t<div class=\"elementor-post__thumbnail\"><img loading=\"lazy\" decoding=\"async\" width=\"800\" height=\"374\" src=\"https:\/\/cascadiascientific.com\/wp-content\/uploads\/2023\/12\/New-Gold-Screen-SHot-1024x479.png\" class=\"attachment-large size-large wp-image-13933\" alt=\"\" srcset=\"https:\/\/cascadiascientific.com\/wp-content\/uploads\/2023\/12\/New-Gold-Screen-SHot-1024x479.png 1024w, https:\/\/cascadiascientific.com\/wp-content\/uploads\/2023\/12\/New-Gold-Screen-SHot-300x140.png 300w, https:\/\/cascadiascientific.com\/wp-content\/uploads\/2023\/12\/New-Gold-Screen-SHot-768x359.png 768w, https:\/\/cascadiascientific.com\/wp-content\/uploads\/2023\/12\/New-Gold-Screen-SHot.png 1118w\" sizes=\"(max-width: 800px) 100vw, 800px\" \/><\/div>\n\t\t<\/a>\n\t\t\t\t<div class=\"elementor-post__text\">\n\t\t\t\t<h3 class=\"elementor-post__title\">\n\t\t\t<a href=\"https:\/\/cascadiascientific.com\/es\/new-gold-consigue-un-15-de-ahorro-de-combustible-con-cascadia-scientific\/\" >\n\t\t\t\tNew Gold consigue un 15% de ahorro de combustible con Cascadia Scientific\t\t\t<\/a>\n\t\t<\/h3>\n\t\t\t\t<div class=\"elementor-post__meta-data\">\n\t\t\t\t\t<span class=\"elementor-post-date\">\n\t\t\t8 diciembre 2023\t\t<\/span>\n\t\t\t\t<span class=\"elementor-post-avatar\">\n\t\t\tNo hay comentarios\t\t<\/span>\n\t\t\t\t<\/div>\n\t\t\t\t<div class=\"elementor-post__excerpt\">\n\t\t\t\t\t<\/div>\n\t\t\n\t\t<a class=\"elementor-post__read-more\" href=\"https:\/\/cascadiascientific.com\/es\/new-gold-consigue-un-15-de-ahorro-de-combustible-con-cascadia-scientific\/\" aria-label=\"Read more about New Gold consigue un 15% de ahorro de combustible con Cascadia Scientific\" tabindex=\"-1\" >\n\t\t\tSigue leyendo \"\t\t<\/a>\n\n\t\t\t\t<\/div>\n\t\t\t\t<\/article>\n\t\t\t\t<article class=\"elementor-post elementor-grid-item post-18614 post type-post status-publish format-standard has-post-thumbnail hentry category-noticias-es\" role=\"listitem\">\n\t\t\t\t<a class=\"elementor-post__thumbnail__link\" href=\"https:\/\/cascadiascientific.com\/es\/impactos-de-la-estacionalidad-en-la-mineria-de-carga\/\" tabindex=\"-1\" >\n\t\t\t<div class=\"elementor-post__thumbnail\"><img loading=\"lazy\" decoding=\"async\" width=\"800\" height=\"450\" src=\"https:\/\/cascadiascientific.com\/wp-content\/uploads\/2023\/12\/Copy-of-Impacts-of-Seasonaility-on-Load-Haul-Mining-Presentation-1024x576.png\" class=\"attachment-large size-large wp-image-13927\" alt=\"\" srcset=\"https:\/\/cascadiascientific.com\/wp-content\/uploads\/2023\/12\/Copy-of-Impacts-of-Seasonaility-on-Load-Haul-Mining-Presentation-1024x576.png 1024w, https:\/\/cascadiascientific.com\/wp-content\/uploads\/2023\/12\/Copy-of-Impacts-of-Seasonaility-on-Load-Haul-Mining-Presentation-300x169.png 300w, https:\/\/cascadiascientific.com\/wp-content\/uploads\/2023\/12\/Copy-of-Impacts-of-Seasonaility-on-Load-Haul-Mining-Presentation-768x432.png 768w, https:\/\/cascadiascientific.com\/wp-content\/uploads\/2023\/12\/Copy-of-Impacts-of-Seasonaility-on-Load-Haul-Mining-Presentation-1536x864.png 1536w, https:\/\/cascadiascientific.com\/wp-content\/uploads\/2023\/12\/Copy-of-Impacts-of-Seasonaility-on-Load-Haul-Mining-Presentation.png 1920w\" sizes=\"(max-width: 800px) 100vw, 800px\" \/><\/div>\n\t\t<\/a>\n\t\t\t\t<div class=\"elementor-post__text\">\n\t\t\t\t<h3 class=\"elementor-post__title\">\n\t\t\t<a href=\"https:\/\/cascadiascientific.com\/es\/impactos-de-la-estacionalidad-en-la-mineria-de-carga\/\" >\n\t\t\t\tImpactos de la estacionalidad en la miner\u00eda de carga\t\t\t<\/a>\n\t\t<\/h3>\n\t\t\t\t<div class=\"elementor-post__meta-data\">\n\t\t\t\t\t<span class=\"elementor-post-date\">\n\t\t\t8 diciembre 2023\t\t<\/span>\n\t\t\t\t<span class=\"elementor-post-avatar\">\n\t\t\tNo hay comentarios\t\t<\/span>\n\t\t\t\t<\/div>\n\t\t\t\t<div class=\"elementor-post__excerpt\">\n\t\t\t<p>Impactos de la seasonabilidad en la miner\u00eda de carga &#8211; Cascadia Scientific<\/p>\n\t\t<\/div>\n\t\t\n\t\t<a class=\"elementor-post__read-more\" href=\"https:\/\/cascadiascientific.com\/es\/impactos-de-la-estacionalidad-en-la-mineria-de-carga\/\" aria-label=\"Read more about Impactos de la estacionalidad en la miner\u00eda de carga\" tabindex=\"-1\" >\n\t\t\tSigue leyendo \"\t\t<\/a>\n\n\t\t\t\t<\/div>\n\t\t\t\t<\/article>\n\t\t\t\t<\/div>\n\t\t\n\t\t\t\t<div class=\"e-load-more-anchor\" data-page=\"1\" data-max-page=\"2\" data-next-page=\"https:\/\/cascadiascientific.com\/es\/wp-json\/wp\/v2\/pages\/18426\/page\/2\/\"><\/div>\n\t\t\t\t<nav class=\"elementor-pagination\" aria-label=\"Pagination\">\n\t\t\t<span class=\"page-numbers prev\">\" Anterior<\/span>\n<span aria-current=\"page\" class=\"page-numbers current\"><span class=\"elementor-screen-only\">Page<\/span>1<\/span>\n<a class=\"page-numbers\" href=\"https:\/\/cascadiascientific.com\/es\/wp-json\/wp\/v2\/pages\/18426\/page\/2\/\"><span class=\"elementor-screen-only\">Page<\/span>2<\/a>\n<a class=\"page-numbers next\" href=\"https:\/\/cascadiascientific.com\/es\/wp-json\/wp\/v2\/pages\/18426\/page\/2\/\">Siguiente \"<\/a>\t\t<\/nav>\n\t\t\t\t\t\t<\/div>\n\t\t\t\t<\/div>\n\t\t\t\t<\/div>\n\t\t\t\t\t<\/div>\n\t\t\t\t<\/div>\n\t\t\t\t<\/div>\n\t\t","protected":false},"excerpt":{"rendered":"<p>Sala de prensa Nuestras noticias<\/p>\n","protected":false},"author":1,"featured_media":0,"parent":0,"menu_order":0,"comment_status":"closed","ping_status":"closed","template":"elementor_header_footer","meta":{"_seopress_robots_primary_cat":"","_seopress_titles_title":"","_seopress_titles_desc":"","_seopress_robots_index":"","footnotes":""},"class_list":["post-18426","page","type-page","status-publish","hentry"],"_links":{"self":[{"href":"https:\/\/cascadiascientific.com\/es\/wp-json\/wp\/v2\/pages\/18426","targetHints":{"allow":["GET"]}}],"collection":[{"href":"https:\/\/cascadiascientific.com\/es\/wp-json\/wp\/v2\/pages"}],"about":[{"href":"https:\/\/cascadiascientific.com\/es\/wp-json\/wp\/v2\/types\/page"}],"author":[{"embeddable":true,"href":"https:\/\/cascadiascientific.com\/es\/wp-json\/wp\/v2\/users\/1"}],"replies":[{"embeddable":true,"href":"https:\/\/cascadiascientific.com\/es\/wp-json\/wp\/v2\/comments?post=18426"}],"version-history":[{"count":2,"href":"https:\/\/cascadiascientific.com\/es\/wp-json\/wp\/v2\/pages\/18426\/revisions"}],"predecessor-version":[{"id":18542,"href":"https:\/\/cascadiascientific.com\/es\/wp-json\/wp\/v2\/pages\/18426\/revisions\/18542"}],"wp:attachment":[{"href":"https:\/\/cascadiascientific.com\/es\/wp-json\/wp\/v2\/media?parent=18426"}],"curies":[{"name":"wp","href":"https:\/\/api.w.org\/{rel}","templated":true}]}}